{"id":2,"date":"2019-05-28T18:49:07","date_gmt":"2019-05-28T16:49:07","guid":{"rendered":"http:\/\/ihr-zahnarzt.berlin\/?page_id=2"},"modified":"2019-07-16T12:17:41","modified_gmt":"2019-07-16T10:17:41","slug":"beispiel-seite","status":"publish","type":"page","link":"https:\/\/ihr-zahnarzt.berlin\/?page_id=2","title":{"rendered":"Implantologie, Implantatprothetik und \u00e4sthetischer Zahnersatz"},"content":{"rendered":"\n<p class=\"has-medium-font-size\">Mit Zahnimplantaten k\u00f6nnen fehlende Z\u00e4hne perfekt ersetzt werden, da sie funktionell und \u00e4sthetisch der Natur am n\u00e4chsten kommen. Zudem machen Zahnimplantate das Beschleifen von Nachbarz\u00e4hnen \u00fcberfl\u00fcssig und k\u00f6nnen Knochenschwund verhindern.  <\/p>\n\n\n\n<p class=\"has-medium-font-size\">Damit wir Ihnen eine hochwertige Prothetik &#8211; Inlays, Kronen, Br\u00fccken oder Prothesen &#8211; anbieten k\u00f6nnen, arbeiten wir eng mit namhaften Dentallaboren zusammen, auf deren Qualit\u00e4t wir uns absolut verlassen k\u00f6nnen.  <\/p>\n\n\n\n<p class=\"has-medium-font-size\">Lassen Sie Ihr L\u00e4cheln wieder strahlen \u2013 Karies, Abnutzungen oder Absplitterungen am Zahn werden unter gr\u00f6\u00dftm\u00f6glicher Schonung der Zahnsubstanz wiederhergestellt, Verf\u00e4rbungen und unsch\u00f6ne Zwischenr\u00e4ume beseitigt<\/p>\n","protected":false},"excerpt":{"rendered":"<p>Mit Zahnimplantaten k\u00f6nnen fehlende Z\u00e4hne perfekt ersetzt werden, da sie funktionell und \u00e4sthetisch der Natur am n\u00e4chsten kommen. Zudem machen Zahnimplantate das Beschleifen von Nachbarz\u00e4hnen \u00fcberfl\u00fcssig und k\u00f6nnen Knochenschwund verhindern. Damit wir Ihnen eine hochwertige Prothetik &#8211; Inlays, Kronen, Br\u00fccken oder Prothesen &#8211; anbieten k\u00f6nnen, arbeiten wir eng mit namhaften Dentallaboren zusammen, auf deren Qualit\u00e4t&#8230; <\/p>\n","protected":false},"author":1,"featured_media":0,"parent":0,"menu_order":0,"comment_status":"closed","ping_status":"open","template":"","meta":{"footnotes":""},"class_list":["post-2","page","type-page","status-publish","hentry"],"_links":{"self":[{"href":"https:\/\/ihr-zahnarzt.berlin\/index.php?rest_route=\/wp\/v2\/pages\/2","targetHints":{"allow":["GET"]}}],"collection":[{"href":"https:\/\/ihr-zahnarzt.berlin\/index.php?rest_route=\/wp\/v2\/pages"}],"about":[{"href":"https:\/\/ihr-zahnarzt.berlin\/index.php?rest_route=\/wp\/v2\/types\/page"}],"author":[{"embeddable":true,"href":"https:\/\/ihr-zahnarzt.berlin\/index.php?rest_route=\/wp\/v2\/users\/1"}],"replies":[{"embeddable":true,"href":"https:\/\/ihr-zahnarzt.berlin\/index.php?rest_route=%2Fwp%2Fv2%2Fcomments&post=2"}],"version-history":[{"count":2,"href":"https:\/\/ihr-zahnarzt.berlin\/index.php?rest_route=\/wp\/v2\/pages\/2\/revisions"}],"predecessor-version":[{"id":67,"href":"https:\/\/ihr-zahnarzt.berlin\/index.php?rest_route=\/wp\/v2\/pages\/2\/revisions\/67"}],"wp:attachment":[{"href":"https:\/\/ihr-zahnarzt.berlin\/index.php?rest_route=%2Fwp%2Fv2%2Fmedia&parent=2"}],"curies":[{"name":"wp","href":"https:\/\/api.w.org\/{rel}","templated":true}]}}