{"id":59,"date":"2019-06-19T15:30:34","date_gmt":"2019-06-19T13:30:34","guid":{"rendered":"https:\/\/ihr-zahnarzt.berlin\/?page_id=59"},"modified":"2019-08-06T09:55:27","modified_gmt":"2019-08-06T07:55:27","slug":"zzz","status":"publish","type":"page","link":"https:\/\/ihr-zahnarzt.berlin\/?page_id=59","title":{"rendered":"Andere Leistungen"},"content":{"rendered":"\n<p><strong>Unser Parodontitisbehandlungskonzept<\/strong><\/p>\n\n\n\n<p>Mit Parodontitis ist die Entz\u00fcndung des Zahnhalteapparates, also des zahntragenden Knochens, gemeint. Subgingivale bakteriell durchsetzte Konkremente machen es unm\u00f6glich hygienische Verh\u00e4ltnisse ohne zahn\u00e4rztliche Hilfe zu schaffen. Dabei schreitet durch permanent persistierende Entz\u00fcndungsverh\u00e4ltnisse der Knochenabbau immer weiter voran, bis letztendlich die Z\u00e4hne wackeln und nicht mehr zu erhalten sind. Die Parodontitis f\u00fchrt ab den 30. Lebensjahr um ein Vielfaches h\u00e4ufiger zum Zahnausfall als Karies und andere Munderkrankungen zusammen und ist daher der Hauptgrund f\u00fcr teuren herausnehmbaren Zahnersatz. Nehmen Sie daher bitte folgende Symptome ernst: Zahnfleischblutungen, Zahnfleischschwellungen, Zahnfleischschmerzen in Phasen und\/oder Mundgeruch. <\/p>\n\n\n\n<p>Eine Parodontitistherapie teilt sich in drei Behandlungsabschnitte auf. Zuerst wird eine Parodontitisvorbehandlung durchgef\u00fchrt, welche die Ursachen bek\u00e4mpft, gefolgt von der eigentlichen Parodontitistherapie. Zur Sicherung des Behandlungserfolges ist dann noch die Parodontitisnachsorge notwendig. Im Folgenden wird beschrieben, wie wir bei der Behandlung dieser drei Phasen in unserer Praxis vorgehen, um Ihnen einen maximalen Behandlungserfolg zu garantieren. <\/p>\n\n\n\n<p>In der ersten Phase sorgt die Prophylaxehelferin in zwei bis drei Sitzungen f\u00fcr perfekt gereinigte Z\u00e4hne und bringt Ihnen bei, wie Sie diese selber richtig sauber halten. Dabei werden in der ersten Sitzung in ca. 75 Minuten, neben der Professionelle Zahnreinigung auch ein Mundhygienestatus (anf\u00e4rben und Befundung der Bel\u00e4ge sowie Papillenblutungsindex) und Mundhygieneinstruktionen durchgef\u00fchrt (Kostenpunkt: 100\u20ac). <br>\nIn der zweiten Sitzung \u00fcberpr\u00fcft die Prophylaxehelferin, ob Sie die Mundhygieneinstruktionen gut umsetzen konnten. Es wird ggf. noch mal ge\u00fcbt. Daf\u00fcr braucht sie wieder ein Mundhygienestatus. Die Anf\u00e4rbungen m\u00fcssen danach noch weggeb\u00fcrstet werden (dauer 45 Minuten, Kosten: 60\u20ac). Diese Sitzung muss bei Unzufriedenheit unsererseits leider durch eine dritte wiederholt werden. Sollte es gar nicht zur Verbesserung der Mundhygiene kommen, wird die eigentliche Parodontitisbehandlung von Ihrer Krankenkasse und von uns abgelehnt werden m\u00fcssen, da eine langfristig erfolgreiche Parodontitistherapie Ihre Mitarbeit voraussetzt. <br>\nNach erfolgreicher Vorbehandlung wird die Parodontitisbehandlung von Ihrer Krankenkasse  genehmigt und  die   Kosten  daf\u00fcr  \u00fcbernommen. Bei uns wird  diese dann in einer Sitzung unter An\u00e4sthesie mit einem speziellen Airscaler maschinell durchgef\u00fchrt. Dabei entfernen wir die subgingivalen Konkremente. In manchen F\u00e4llen werden einzelne Z\u00e4hne nicht von den Krankenkassen \u00fcbernommen und sind dann privat zu erstatten, wobei da die Kosten je nachdem bei 20\u20ac &#8211; 35\u20ac pro Zahn liegen (wird ggf. mit Ihnen besprochen). <br>\nMit der Parodontitisbehandlung befreien wir Ihre Zahnh\u00e4lse von den Konkrementen in den Tiefen der Zahnfleischtaschen. Um den Behandlungserfolg zu sichern, reicht es jedoch nicht aus lediglich die Konkremente zu entfernen. Es m\u00fcssen zus\u00e4tzlich die aggressiven Bakterien beseitigt und das Entz\u00fcndungsgewebe entfernt werden. Um die aggressiven Bakterien sicher abzut\u00f6ten und um das Entz\u00fcndungsgewebe komplett zu entfernen wird in unserer Praxis zus\u00e4tzlich eine sogenannte Photodynamische Therapie (PdT) durchgef\u00fchrt. Dabei werden in der gleichen Sitzung zur Parodontitisbehandlung die Z\u00e4hne mit Laser und einer speziellen Markerfl\u00fcssigkeit (Emundo\u00ae) behandelt. Durch unser kombiniertes Intra- und transgingivales Verfahren, werden dabei die aggressiven Bakterien abget\u00f6tet und das gesamte Entz\u00fcndungsgewebe der Zahnfleischtaschen entfernt. Eine Erstattung dieser Spezialbehandlung durch die gesetzliche Krankenkasse ist jedoch wie so oft auch hier nicht vorgesehen, setzt aber den Erfolg der Behandlung voraus. Dadurch, dass die PdT im gleichen Termin wie die Parodontitisbehandlung durchgef\u00fchrt wird, k\u00f6nnen wir die private Berechnung der Bet\u00e4ubung f\u00fcr die PdT weglassen, da sie ja von Ihrer Kasse f\u00fcr die Parodontitisbehandlung schon bezahlt wird. Daher ist es uns m\u00f6glich die PdT f\u00fcr 400\u20ac statt ann\u00e4hern 800\u20ac anzubieten. Um einen Behandlungserfolg zu garantieren, k\u00f6nnen wir leider auf die PdT nicht verzichten.   <br>\nZu guter Letzt m\u00fcssen die durch die Parodontitisbehandlung angerauten Zahnh\u00e4lse gegl\u00e4ttet werden. Dieses geschieht in einer gesonderten Sitzung und wird von der Prophylaxehelferin durchgef\u00fchrt. Daf\u00fcr benutzen wir das sogenannte Peri-Airflowger\u00e4t (speziell zur Gl\u00e4ttung von Zahnh\u00e4lsen geeignet). Eine Politur der Zahnh\u00e4lse geh\u00f6rt ebenfalls dazu (Kostenpunkt: 60\u20ac, dauer 45 min.)<\/p>\n\n\n\n<p>Nach der Parodontitisbehandlung muss eine regelm\u00e4\u00dfige Parodontitisnachsorge (2-4 mal\/Jahr) durchgef\u00fchrt werden (dritte Phase), wo wir Ihre Zahnh\u00e4lse mit dem Peri-Airflowger\u00e4t gl\u00e4tten und eine professionelle Zahnreinigung durchf\u00fchren (Kostenpunkt: 80\u20ac, Dauer 60 min). <br>\nEs hat sich rausgestellt, dass wenn man 1-2 mal pro Jahr eine transgingivale Photodynamische Therapie durchf\u00fchrt (An\u00e4sthesie ist durch das rein transgingivale Vorgehen auch nicht n\u00f6tig) der Behandlungserfolg wesentlich gesteigert wird und sich langfristig sogar neuer Knochen bilden kann. Diese Behandlung kostet 220\u20ac. Sie wird vom Zahnarzt durchgef\u00fchrt und ist nahezu schmerzfrei. <\/p>\n\n\n\n<p>So versorgt, sollten Sie sich um eine Parodontitis nie wieder sorgen machen m\u00fcssen und erhalten Ihre Z\u00e4hne ein Leben lang!<\/p>\n","protected":false},"excerpt":{"rendered":"<p>Unser Parodontitisbehandlungskonzept Mit Parodontitis ist die Entz\u00fcndung des Zahnhalteapparates, also des zahntragenden Knochens, gemeint. Subgingivale bakteriell durchsetzte Konkremente machen es unm\u00f6glich hygienische Verh\u00e4ltnisse ohne zahn\u00e4rztliche Hilfe zu schaffen. Dabei schreitet durch permanent persistierende Entz\u00fcndungsverh\u00e4ltnisse der Knochenabbau immer weiter voran, bis letztendlich die Z\u00e4hne wackeln und nicht mehr zu erhalten sind. Die Parodontitis f\u00fchrt ab den&#8230; <\/p>\n","protected":false},"author":1,"featured_media":0,"parent":0,"menu_order":0,"comment_status":"closed","ping_status":"closed","template":"","meta":{"footnotes":""},"class_list":["post-59","page","type-page","status-publish","hentry"],"_links":{"self":[{"href":"https:\/\/ihr-zahnarzt.berlin\/index.php?rest_route=\/wp\/v2\/pages\/59","targetHints":{"allow":["GET"]}}],"collection":[{"href":"https:\/\/ihr-zahnarzt.berlin\/index.php?rest_route=\/wp\/v2\/pages"}],"about":[{"href":"https:\/\/ihr-zahnarzt.berlin\/index.php?rest_route=\/wp\/v2\/types\/page"}],"author":[{"embeddable":true,"href":"https:\/\/ihr-zahnarzt.berlin\/index.php?rest_route=\/wp\/v2\/users\/1"}],"replies":[{"embeddable":true,"href":"https:\/\/ihr-zahnarzt.berlin\/index.php?rest_route=%2Fwp%2Fv2%2Fcomments&post=59"}],"version-history":[{"count":3,"href":"https:\/\/ihr-zahnarzt.berlin\/index.php?rest_route=\/wp\/v2\/pages\/59\/revisions"}],"predecessor-version":[{"id":81,"href":"https:\/\/ihr-zahnarzt.berlin\/index.php?rest_route=\/wp\/v2\/pages\/59\/revisions\/81"}],"wp:attachment":[{"href":"https:\/\/ihr-zahnarzt.berlin\/index.php?rest_route=%2Fwp%2Fv2%2Fmedia&parent=59"}],"curies":[{"name":"wp","href":"https:\/\/api.w.org\/{rel}","templated":true}]}}