{"id":69,"date":"2019-07-16T12:37:54","date_gmt":"2019-07-16T10:37:54","guid":{"rendered":"https:\/\/ihr-zahnarzt.berlin\/?page_id=69"},"modified":"2019-07-16T12:41:47","modified_gmt":"2019-07-16T10:41:47","slug":"herzlich-willkommen","status":"publish","type":"page","link":"https:\/\/ihr-zahnarzt.berlin\/","title":{"rendered":"Herzlich Willkommen"},"content":{"rendered":"\n<p class=\"has-medium-font-size\"> auf dem Internetauftritt Ihrer Zahnarztpraxis mit Schwerpunkt Implantologie in Berlin-Rudow! <\/p>\n\n\n\n<p class=\"has-medium-font-size\">Das erste, was wir an unserem Gegen\u00fcber wahrnehmen, ist sein Gesicht, seine Ausstrahlung, sein L\u00e4cheln. Wer dabei eine geschlossene Zahnreihe mit nat\u00fcrlich sch\u00f6nen Z\u00e4hnen zeigen kann, hat schon halb gewonnen.<\/p>\n\n\n\n<p class=\"has-medium-font-size\">Das kompetente Team unserer Zahnarztpraxis in Berlin-Rudow steht bereit, um Ihre wertvollen Z\u00e4hne zu sch\u00fctzen, verlorene Z\u00e4hne perfekt zu ersetzen und so Ihr strahlendes L\u00e4cheln zu erhalten. Unser Motto dabei lautet: Mit Pr\u00e4zision und Sorgfalt f\u00fcr ein sch\u00f6nes L\u00e4cheln und f\u00fcr perfekte Funktionalit\u00e4t! Unser Behandlungsspektrum erm\u00f6glicht es uns auf Ihre verschiedenen, individuellen Bed\u00fcrfnisse und \u201eZahnsituationen\u201c einzugehen: Wir betreuen Sie von der Prophylaxe \u00fcber die Parodontologie bis hin zur dentalen Implantologie und zur Kieferchirurgie. Neben den gro\u00dfen Patienten versorgen wir gerne auch die Kleinen im Rahmen unserer Kinderzahnheilkunde. <\/p>\n\n\n\n<p class=\"has-medium-font-size\">Informieren Sie sich einfach auf den folgenden Seiten in Ruhe \u00fcber unsere Praxis. Wir freuen uns \u00fcber Ihren Online-Besuch! Ihr Praxisteam Zahnarzt Dr. Agron Gruda in Berlin-Rudow <\/p>\n","protected":false},"excerpt":{"rendered":"<p>auf dem Internetauftritt Ihrer Zahnarztpraxis mit Schwerpunkt Implantologie in Berlin-Rudow! Das erste, was wir an unserem Gegen\u00fcber wahrnehmen, ist sein Gesicht, seine Ausstrahlung, sein L\u00e4cheln. Wer dabei eine geschlossene Zahnreihe mit nat\u00fcrlich sch\u00f6nen Z\u00e4hnen zeigen kann, hat schon halb gewonnen. Das kompetente Team unserer Zahnarztpraxis in Berlin-Rudow steht bereit, um Ihre wertvollen Z\u00e4hne zu sch\u00fctzen,&#8230; <\/p>\n","protected":false},"author":1,"featured_media":0,"parent":0,"menu_order":0,"comment_status":"closed","ping_status":"closed","template":"","meta":{"footnotes":""},"class_list":["post-69","page","type-page","status-publish","hentry"],"_links":{"self":[{"href":"https:\/\/ihr-zahnarzt.berlin\/index.php?rest_route=\/wp\/v2\/pages\/69","targetHints":{"allow":["GET"]}}],"collection":[{"href":"https:\/\/ihr-zahnarzt.berlin\/index.php?rest_route=\/wp\/v2\/pages"}],"about":[{"href":"https:\/\/ihr-zahnarzt.berlin\/index.php?rest_route=\/wp\/v2\/types\/page"}],"author":[{"embeddable":true,"href":"https:\/\/ihr-zahnarzt.berlin\/index.php?rest_route=\/wp\/v2\/users\/1"}],"replies":[{"embeddable":true,"href":"https:\/\/ihr-zahnarzt.berlin\/index.php?rest_route=%2Fwp%2Fv2%2Fcomments&post=69"}],"version-history":[{"count":2,"href":"https:\/\/ihr-zahnarzt.berlin\/index.php?rest_route=\/wp\/v2\/pages\/69\/revisions"}],"predecessor-version":[{"id":73,"href":"https:\/\/ihr-zahnarzt.berlin\/index.php?rest_route=\/wp\/v2\/pages\/69\/revisions\/73"}],"wp:attachment":[{"href":"https:\/\/ihr-zahnarzt.berlin\/index.php?rest_route=%2Fwp%2Fv2%2Fmedia&parent=69"}],"curies":[{"name":"wp","href":"https:\/\/api.w.org\/{rel}","templated":true}]}}